{"id":2440,"date":"2024-07-22T20:42:18","date_gmt":"2024-07-22T20:42:18","guid":{"rendered":"https:\/\/panoxyl.ca\/hydrater\/"},"modified":"2025-07-29T19:38:51","modified_gmt":"2025-07-29T19:38:51","slug":"hydrater","status":"publish","type":"page","link":"https:\/\/panoxyl.ca\/fr\/hydrater\/","title":{"rendered":"Hydrater"},"content":{"rendered":"","protected":false},"excerpt":{"rendered":"","protected":false},"author":2,"featured_media":2957,"parent":0,"menu_order":0,"comment_status":"closed","ping_status":"closed","template":"template-categories.php","meta":{"_acf_changed":false,"_coblocks_attr":"","_coblocks_dimensions":"","_coblocks_responsive_height":"","_coblocks_accordion_ie_support":"","footnotes":""},"class_list":["post-2440","page","type-page","status-publish","has-post-thumbnail","hentry"],"acf":[],"yoast_head":"<!-- This site is optimized with the Yoast SEO plugin v27.4 - https:\/\/yoast.com\/product\/yoast-seo-wordpress\/ -->\n<title>Des produits pour hydrater votre peau jour et nuit\u202f|\u202fPanOxyl CA<\/title>\n<meta name=\"description\" content=\"Hydratez votre peau avec PanOxyl : Notre agent hydratant anti-luisance \u00e0 FPS 30 aide \u00e0 prot\u00e9ger et matifier le teint pendant la journ\u00e9e, tandis que notre agent hydratant r\u00e9parateur \u00e9quilibrant aide \u00e0 r\u00e9g\u00e9n\u00e9rer la peau pendant la nuit\" \/>\n<meta name=\"robots\" content=\"index, follow, max-snippet:-1, max-image-preview:large, max-video-preview:-1\" \/>\n<link rel=\"canonical\" href=\"https:\/\/panoxyl.ca\/fr\/hydrater\/\" \/>\n<meta property=\"og:locale\" content=\"fr_CA\" \/>\n<meta property=\"og:type\" content=\"article\" \/>\n<meta property=\"og:title\" content=\"Des produits pour hydrater votre peau jour et nuit\u202f|\u202fPanOxyl CA\" \/>\n<meta property=\"og:description\" content=\"Hydratez votre peau avec PanOxyl : Notre agent hydratant anti-luisance \u00e0 FPS 30 aide \u00e0 prot\u00e9ger et matifier le teint pendant la journ\u00e9e, tandis que notre agent hydratant r\u00e9parateur \u00e9quilibrant aide \u00e0 r\u00e9g\u00e9n\u00e9rer la peau pendant la nuit\" \/>\n<meta property=\"og:url\" content=\"https:\/\/panoxyl.ca\/fr\/hydrater\/\" \/>\n<meta property=\"og:site_name\" content=\"PanOxyl Canada\" \/>\n<meta property=\"article:modified_time\" content=\"2025-07-29T19:38:51+00:00\" \/>\n<meta property=\"og:image\" content=\"https:\/\/panoxyl.ca\/wp-content\/uploads\/2025\/05\/Moisturize-scaled-1.webp\" \/>\n\t<meta property=\"og:image:width\" content=\"2560\" \/>\n\t<meta property=\"og:image:height\" content=\"1749\" \/>\n\t<meta property=\"og:image:type\" content=\"image\/webp\" \/>\n<meta name=\"twitter:card\" content=\"summary_large_image\" \/>\n<script type=\"application\/ld+json\" class=\"yoast-schema-graph\">{\"@context\":\"https:\\\/\\\/schema.org\",\"@graph\":[{\"@type\":\"WebPage\",\"@id\":\"https:\\\/\\\/panoxyl.ca\\\/fr\\\/hydrater\\\/\",\"url\":\"https:\\\/\\\/panoxyl.ca\\\/fr\\\/hydrater\\\/\",\"name\":\"Des produits pour hydrater votre peau jour et nuit\u202f|\u202fPanOxyl CA\",\"isPartOf\":{\"@id\":\"https:\\\/\\\/panoxyl.ca\\\/fr\\\/#website\"},\"primaryImageOfPage\":{\"@id\":\"https:\\\/\\\/panoxyl.ca\\\/fr\\\/hydrater\\\/#primaryimage\"},\"image\":{\"@id\":\"https:\\\/\\\/panoxyl.ca\\\/fr\\\/hydrater\\\/#primaryimage\"},\"thumbnailUrl\":\"https:\\\/\\\/panoxyl.ca\\\/wp-content\\\/uploads\\\/2025\\\/05\\\/Moisturize-scaled-1.webp\",\"datePublished\":\"2024-07-22T20:42:18+00:00\",\"dateModified\":\"2025-07-29T19:38:51+00:00\",\"description\":\"Hydratez votre peau avec PanOxyl : Notre agent hydratant anti-luisance \u00e0 FPS 30 aide \u00e0 prot\u00e9ger et matifier le teint pendant la journ\u00e9e, tandis que notre agent hydratant r\u00e9parateur \u00e9quilibrant aide \u00e0 r\u00e9g\u00e9n\u00e9rer la peau pendant la nuit\",\"breadcrumb\":{\"@id\":\"https:\\\/\\\/panoxyl.ca\\\/fr\\\/hydrater\\\/#breadcrumb\"},\"inLanguage\":\"fr-CA\",\"potentialAction\":[{\"@type\":\"ReadAction\",\"target\":[\"https:\\\/\\\/panoxyl.ca\\\/fr\\\/hydrater\\\/\"]}]},{\"@type\":\"ImageObject\",\"inLanguage\":\"fr-CA\",\"@id\":\"https:\\\/\\\/panoxyl.ca\\\/fr\\\/hydrater\\\/#primaryimage\",\"url\":\"https:\\\/\\\/panoxyl.ca\\\/wp-content\\\/uploads\\\/2025\\\/05\\\/Moisturize-scaled-1.webp\",\"contentUrl\":\"https:\\\/\\\/panoxyl.ca\\\/wp-content\\\/uploads\\\/2025\\\/05\\\/Moisturize-scaled-1.webp\",\"width\":2560,\"height\":1749,\"caption\":\"Un homme appliquant Cr\u00e8me Hydratante S\u00e9bo-R\u00e9gulateur PanOxyl sur son visage\"},{\"@type\":\"BreadcrumbList\",\"@id\":\"https:\\\/\\\/panoxyl.ca\\\/fr\\\/hydrater\\\/#breadcrumb\",\"itemListElement\":[{\"@type\":\"ListItem\",\"position\":1,\"name\":\"Home\",\"item\":\"https:\\\/\\\/panoxyl.ca\\\/fr\\\/\"},{\"@type\":\"ListItem\",\"position\":2,\"name\":\"Hydrater\"}]},{\"@type\":\"WebSite\",\"@id\":\"https:\\\/\\\/panoxyl.ca\\\/fr\\\/#website\",\"url\":\"https:\\\/\\\/panoxyl.ca\\\/fr\\\/\",\"name\":\"PanOxyl Canada\",\"description\":\"The Acne Authority\u2122\",\"potentialAction\":[{\"@type\":\"SearchAction\",\"target\":{\"@type\":\"EntryPoint\",\"urlTemplate\":\"https:\\\/\\\/panoxyl.ca\\\/fr\\\/?s={search_term_string}\"},\"query-input\":{\"@type\":\"PropertyValueSpecification\",\"valueRequired\":true,\"valueName\":\"search_term_string\"}}],\"inLanguage\":\"fr-CA\"}]}<\/script>\n<!-- \/ Yoast SEO plugin. -->","yoast_head_json":{"title":"Des produits pour hydrater votre peau jour et nuit\u202f|\u202fPanOxyl CA","description":"Hydratez votre peau avec PanOxyl : Notre agent hydratant anti-luisance \u00e0 FPS 30 aide \u00e0 prot\u00e9ger et matifier le teint pendant la journ\u00e9e, tandis que notre agent hydratant r\u00e9parateur \u00e9quilibrant aide \u00e0 r\u00e9g\u00e9n\u00e9rer la peau pendant la nuit","robots":{"index":"index","follow":"follow","max-snippet":"max-snippet:-1","max-image-preview":"max-image-preview:large","max-video-preview":"max-video-preview:-1"},"canonical":"https:\/\/panoxyl.ca\/fr\/hydrater\/","og_locale":"fr_CA","og_type":"article","og_title":"Des produits pour hydrater votre peau jour et nuit\u202f|\u202fPanOxyl CA","og_description":"Hydratez votre peau avec PanOxyl : Notre agent hydratant anti-luisance \u00e0 FPS 30 aide \u00e0 prot\u00e9ger et matifier le teint pendant la journ\u00e9e, tandis que notre agent hydratant r\u00e9parateur \u00e9quilibrant aide \u00e0 r\u00e9g\u00e9n\u00e9rer la peau pendant la nuit","og_url":"https:\/\/panoxyl.ca\/fr\/hydrater\/","og_site_name":"PanOxyl Canada","article_modified_time":"2025-07-29T19:38:51+00:00","og_image":[{"width":2560,"height":1749,"url":"https:\/\/panoxyl.ca\/wp-content\/uploads\/2025\/05\/Moisturize-scaled-1.webp","type":"image\/webp"}],"twitter_card":"summary_large_image","schema":{"@context":"https:\/\/schema.org","@graph":[{"@type":"WebPage","@id":"https:\/\/panoxyl.ca\/fr\/hydrater\/","url":"https:\/\/panoxyl.ca\/fr\/hydrater\/","name":"Des produits pour hydrater votre peau jour et nuit\u202f|\u202fPanOxyl CA","isPartOf":{"@id":"https:\/\/panoxyl.ca\/fr\/#website"},"primaryImageOfPage":{"@id":"https:\/\/panoxyl.ca\/fr\/hydrater\/#primaryimage"},"image":{"@id":"https:\/\/panoxyl.ca\/fr\/hydrater\/#primaryimage"},"thumbnailUrl":"https:\/\/panoxyl.ca\/wp-content\/uploads\/2025\/05\/Moisturize-scaled-1.webp","datePublished":"2024-07-22T20:42:18+00:00","dateModified":"2025-07-29T19:38:51+00:00","description":"Hydratez votre peau avec PanOxyl : Notre agent hydratant anti-luisance \u00e0 FPS 30 aide \u00e0 prot\u00e9ger et matifier le teint pendant la journ\u00e9e, tandis que notre agent hydratant r\u00e9parateur \u00e9quilibrant aide \u00e0 r\u00e9g\u00e9n\u00e9rer la peau pendant la nuit","breadcrumb":{"@id":"https:\/\/panoxyl.ca\/fr\/hydrater\/#breadcrumb"},"inLanguage":"fr-CA","potentialAction":[{"@type":"ReadAction","target":["https:\/\/panoxyl.ca\/fr\/hydrater\/"]}]},{"@type":"ImageObject","inLanguage":"fr-CA","@id":"https:\/\/panoxyl.ca\/fr\/hydrater\/#primaryimage","url":"https:\/\/panoxyl.ca\/wp-content\/uploads\/2025\/05\/Moisturize-scaled-1.webp","contentUrl":"https:\/\/panoxyl.ca\/wp-content\/uploads\/2025\/05\/Moisturize-scaled-1.webp","width":2560,"height":1749,"caption":"Un homme appliquant Cr\u00e8me Hydratante S\u00e9bo-R\u00e9gulateur PanOxyl sur son visage"},{"@type":"BreadcrumbList","@id":"https:\/\/panoxyl.ca\/fr\/hydrater\/#breadcrumb","itemListElement":[{"@type":"ListItem","position":1,"name":"Home","item":"https:\/\/panoxyl.ca\/fr\/"},{"@type":"ListItem","position":2,"name":"Hydrater"}]},{"@type":"WebSite","@id":"https:\/\/panoxyl.ca\/fr\/#website","url":"https:\/\/panoxyl.ca\/fr\/","name":"PanOxyl Canada","description":"The Acne Authority\u2122","potentialAction":[{"@type":"SearchAction","target":{"@type":"EntryPoint","urlTemplate":"https:\/\/panoxyl.ca\/fr\/?s={search_term_string}"},"query-input":{"@type":"PropertyValueSpecification","valueRequired":true,"valueName":"search_term_string"}}],"inLanguage":"fr-CA"}]}},"_links":{"self":[{"href":"https:\/\/panoxyl.ca\/fr\/wp-json\/wp\/v2\/pages\/2440","targetHints":{"allow":["GET"]}}],"collection":[{"href":"https:\/\/panoxyl.ca\/fr\/wp-json\/wp\/v2\/pages"}],"about":[{"href":"https:\/\/panoxyl.ca\/fr\/wp-json\/wp\/v2\/types\/page"}],"author":[{"embeddable":true,"href":"https:\/\/panoxyl.ca\/fr\/wp-json\/wp\/v2\/users\/2"}],"replies":[{"embeddable":true,"href":"https:\/\/panoxyl.ca\/fr\/wp-json\/wp\/v2\/comments?post=2440"}],"version-history":[{"count":1,"href":"https:\/\/panoxyl.ca\/fr\/wp-json\/wp\/v2\/pages\/2440\/revisions"}],"predecessor-version":[{"id":2986,"href":"https:\/\/panoxyl.ca\/fr\/wp-json\/wp\/v2\/pages\/2440\/revisions\/2986"}],"wp:featuredmedia":[{"embeddable":true,"href":"https:\/\/panoxyl.ca\/fr\/wp-json\/wp\/v2\/media\/2957"}],"wp:attachment":[{"href":"https:\/\/panoxyl.ca\/fr\/wp-json\/wp\/v2\/media?parent=2440"}],"curies":[{"name":"wp","href":"https:\/\/api.w.org\/{rel}","templated":true}]}}